{"id":2411,"date":"2023-08-27T16:53:08","date_gmt":"2023-08-27T16:53:08","guid":{"rendered":"https:\/\/luminusbiorezonanca.com\/?page_id=2411"},"modified":"2023-10-31T18:19:53","modified_gmt":"2023-10-31T18:19:53","slug":"kontakt","status":"publish","type":"page","link":"https:\/\/luminusbiorezonanca.com\/index.php\/home\/kontakt\/","title":{"rendered":"kontakt"},"content":{"rendered":"\t\t<div data-elementor-type=\"wp-page\" data-elementor-id=\"2411\" class=\"elementor elementor-2411\">\n\t\t\t\t\t\t<section class=\"elementor-section elementor-top-section elementor-element elementor-element-9488205 elementor-section-boxed elementor-section-height-default elementor-section-height-default\" data-id=\"9488205\" data-element_type=\"section\" data-e-type=\"section\" data-settings=\"{&quot;background_background&quot;:&quot;gradient&quot;}\">\n\t\t\t\t\t\t\t<div class=\"elementor-background-overlay\"><\/div>\n\t\t\t\t\t\t\t<div class=\"elementor-container elementor-column-gap-default\">\n\t\t\t\t\t<div class=\"elementor-column elementor-col-100 elementor-top-column elementor-element elementor-element-950c969\" data-id=\"950c969\" data-element_type=\"column\" data-e-type=\"column\">\n\t\t\t<div class=\"elementor-widget-wrap elementor-element-populated\">\n\t\t\t\t\t\t<div class=\"elementor-element elementor-element-c8c8d43 animated-slow elementor-invisible elementor-widget elementor-widget-heading\" data-id=\"c8c8d43\" data-element_type=\"widget\" data-e-type=\"widget\" data-settings=\"{&quot;_animation&quot;:&quot;fadeInRight&quot;}\" data-widget_type=\"heading.default\">\n\t\t\t\t<div class=\"elementor-widget-container\">\n\t\t\t\t\t<h2 class=\"elementor-heading-title elementor-size-default\">Kontakt<\/h2>\t\t\t\t<\/div>\n\t\t\t\t<\/div>\n\t\t\t\t<div class=\"elementor-element elementor-element-ab48cd2 animated-slow elementor-widget-divider--view-line elementor-invisible elementor-widget elementor-widget-divider\" data-id=\"ab48cd2\" data-element_type=\"widget\" data-e-type=\"widget\" data-settings=\"{&quot;_animation&quot;:&quot;fadeInLeft&quot;}\" data-widget_type=\"divider.default\">\n\t\t\t\t<div class=\"elementor-widget-container\">\n\t\t\t\t\t\t\t<div class=\"elementor-divider\">\n\t\t\t<span class=\"elementor-divider-separator\">\n\t\t\t\t\t\t<\/span>\n\t\t<\/div>\n\t\t\t\t\t\t<\/div>\n\t\t\t\t<\/div>\n\t\t\t\t\t<\/div>\n\t\t<\/div>\n\t\t\t\t\t<\/div>\n\t\t<\/section>\n\t\t\t\t<section class=\"elementor-section elementor-top-section elementor-element elementor-element-63e8140 elementor-section-boxed elementor-section-height-default elementor-section-height-default\" data-id=\"63e8140\" data-element_type=\"section\" data-e-type=\"section\" id=\"upit\">\n\t\t\t\t\t\t<div class=\"elementor-container elementor-column-gap-default\">\n\t\t\t\t\t<div class=\"elementor-column elementor-col-50 elementor-top-column elementor-element elementor-element-51bc1ee\" data-id=\"51bc1ee\" data-element_type=\"column\" data-e-type=\"column\">\n\t\t\t<div class=\"elementor-widget-wrap elementor-element-populated\">\n\t\t\t\t\t\t<div class=\"elementor-element elementor-element-8bd1b37 animated-slow elementor-invisible elementor-widget elementor-widget-wpforms\" data-id=\"8bd1b37\" data-element_type=\"widget\" data-e-type=\"widget\" data-settings=\"{&quot;_animation&quot;:&quot;fadeIn&quot;}\" data-widget_type=\"wpforms.default\">\n\t\t\t\t<div class=\"elementor-widget-container\">\n\t\t\t\t\t<div class=\"wpforms-container \" id=\"wpforms-768\"><form id=\"wpforms-form-768\" class=\"wpforms-validate wpforms-form\" data-formid=\"768\" method=\"post\" enctype=\"multipart\/form-data\" action=\"\/index.php\/wp-json\/wp\/v2\/pages\/2411\" data-token=\"a97937968d82c787b06e7b22da0abe4b\" data-token-time=\"1777902567\"><div class=\"wpforms-head-container\"><div class=\"wpforms-title\">                               Po\u0161aljite nam upit<\/div><\/div><noscript class=\"wpforms-error-noscript\">Please enable JavaScript in your browser to complete this form.<\/noscript><div class=\"wpforms-field-container\"><div id=\"wpforms-768-field_0-container\" class=\"wpforms-field wpforms-field-name\" data-field-id=\"0\"><label class=\"wpforms-field-label\" for=\"wpforms-768-field_0\">Ime i Prezime <span class=\"wpforms-required-label\">*<\/span><\/label><input type=\"text\" id=\"wpforms-768-field_0\" class=\"wpforms-field-large wpforms-field-required\" name=\"wpforms[fields][0]\" required><\/div><div id=\"wpforms-768-field_1-container\" class=\"wpforms-field wpforms-field-email\" data-field-id=\"1\"><label class=\"wpforms-field-label\" for=\"wpforms-768-field_1\">Email <span class=\"wpforms-required-label\">*<\/span><\/label><input type=\"email\" id=\"wpforms-768-field_1\" class=\"wpforms-field-large wpforms-field-required\" name=\"wpforms[fields][1]\" spellcheck=\"false\" required><\/div><div id=\"wpforms-768-field_2-container\" class=\"wpforms-field wpforms-field-textarea\" data-field-id=\"2\"><label class=\"wpforms-field-label\" for=\"wpforms-768-field_2\">Poruka <span class=\"wpforms-required-label\">*<\/span><\/label><textarea id=\"wpforms-768-field_2\" class=\"wpforms-field-medium wpforms-field-required\" name=\"wpforms[fields][2]\" required><\/textarea><\/div><\/div><!-- .wpforms-field-container --><div class=\"wpforms-field wpforms-field-hp\"><label for=\"wpforms-768-field-hp\" class=\"wpforms-field-label\">Email<\/label><input type=\"text\" name=\"wpforms[hp]\" id=\"wpforms-768-field-hp\" class=\"wpforms-field-medium\"><\/div><div class=\"wpforms-submit-container\" ><input type=\"hidden\" name=\"wpforms[id]\" value=\"768\"><input type=\"hidden\" name=\"page_title\" value=\"\"><input type=\"hidden\" name=\"page_url\" value=\"https:\/\/luminusbiorezonanca.com\/index.php\/wp-json\/wp\/v2\/pages\/2411\"><input type=\"hidden\" name=\"url_referer\" value=\"\"><button type=\"submit\" name=\"wpforms[submit]\" id=\"wpforms-submit-768\" class=\"wpforms-submit\" data-alt-text=\"\u0161alje se\" data-submit-text=\"Po\u0161aljite\" aria-live=\"assertive\" value=\"wpforms-submit\">Po\u0161aljite<\/button><\/div><\/form><\/div>  <!-- .wpforms-container -->\t\t\t\t<\/div>\n\t\t\t\t<\/div>\n\t\t\t\t\t<\/div>\n\t\t<\/div>\n\t\t\t\t<div class=\"elementor-column elementor-col-50 elementor-top-column elementor-element elementor-element-14fb359\" data-id=\"14fb359\" data-element_type=\"column\" data-e-type=\"column\">\n\t\t\t<div class=\"elementor-widget-wrap elementor-element-populated\">\n\t\t\t\t\t\t<div class=\"elementor-element elementor-element-6e38a5e animated-slow elementor-invisible elementor-widget elementor-widget-google_maps\" data-id=\"6e38a5e\" data-element_type=\"widget\" data-e-type=\"widget\" data-settings=\"{&quot;_animation&quot;:&quot;fadeIn&quot;}\" data-widget_type=\"google_maps.default\">\n\t\t\t\t<div class=\"elementor-widget-container\">\n\t\t\t\t\t\t\t<div class=\"elementor-custom-embed\">\n\t\t\t<iframe loading=\"lazy\"\n\t\t\t\t\tsrc=\"https:\/\/maps.google.com\/maps?q=Adama%20Kr%C4%8Deli%C4%87a%2019%2C%20Zapre%C5%A1i%C4%87%20&#038;t=m&#038;z=14&#038;output=embed&#038;iwloc=near\"\n\t\t\t\t\ttitle=\"Adama Kr\u010deli\u0107a 19, Zapre\u0161i\u0107 \"\n\t\t\t\t\taria-label=\"Adama Kr\u010deli\u0107a 19, Zapre\u0161i\u0107 \"\n\t\t\t><\/iframe>\n\t\t<\/div>\n\t\t\t\t\t\t<\/div>\n\t\t\t\t<\/div>\n\t\t\t\t\t<\/div>\n\t\t<\/div>\n\t\t\t\t\t<\/div>\n\t\t<\/section>\n\t\t\t\t<\/div>\n\t\t","protected":false},"excerpt":{"rendered":"<p>Kontakt Po\u0161aljite nam upitPlease enable JavaScript in your browser to complete this form.Ime i Prezime *Email *Poruka *Email Po\u0161aljite<\/p>\n","protected":false},"author":1,"featured_media":0,"parent":771,"menu_order":0,"comment_status":"closed","ping_status":"closed","template":"elementor_header_footer","meta":{"_uag_custom_page_level_css":"","site-sidebar-layout":"no-sidebar","site-content-layout":"page-builder","ast-site-content-layout":"full-width-container","site-content-style":"default","site-sidebar-style":"default","ast-global-header-display":"","ast-banner-title-visibility":"","ast-main-header-display":"","ast-hfb-above-header-display":"","ast-hfb-below-header-display":"","ast-hfb-mobile-header-display":"","site-post-title":"disabled","ast-breadcrumbs-content":"","ast-featured-img":"disabled","footer-sml-layout":"","ast-disable-related-posts":"","theme-transparent-header-meta":"","adv-header-id-meta":"","stick-header-meta":"","header-above-stick-meta":"","header-main-stick-meta":"","header-below-stick-meta":"","astra-migrate-meta-layouts":"set","ast-page-background-enabled":"default","ast-page-background-meta":{"desktop":{"background-color":"","background-image":"","background-repeat":"repeat","background-position":"center center","background-size":"auto","background-attachment":"scroll","background-type":"","background-media":"","overlay-type":"","overlay-color":"","overlay-opacity":"","overlay-gradient":""},"tablet":{"background-color":"","background-image":"","background-repeat":"repeat","background-position":"center center","background-size":"auto","background-attachment":"scroll","background-type":"","background-media":"","overlay-type":"","overlay-color":"","overlay-opacity":"","overlay-gradient":""},"mobile":{"background-color":"","background-image":"","background-repeat":"repeat","background-position":"center center","background-size":"auto","background-attachment":"scroll","background-type":"","background-media":"","overlay-type":"","overlay-color":"","overlay-opacity":"","overlay-gradient":""}},"ast-content-background-meta":{"desktop":{"background-color":"var(--ast-global-color-5)","background-image":"","background-repeat":"repeat","background-position":"center center","background-size":"auto","background-attachment":"scroll","background-type":"","background-media":"","overlay-type":"","overlay-color":"","overlay-opacity":"","overlay-gradient":""},"tablet":{"background-color":"var(--ast-global-color-5)","background-image":"","background-repeat":"repeat","background-position":"center center","background-size":"auto","background-attachment":"scroll","background-type":"","background-media":"","overlay-type":"","overlay-color":"","overlay-opacity":"","overlay-gradient":""},"mobile":{"background-color":"var(--ast-global-color-5)","background-image":"","background-repeat":"repeat","background-position":"center center","background-size":"auto","background-attachment":"scroll","background-type":"","background-media":"","overlay-type":"","overlay-color":"","overlay-opacity":"","overlay-gradient":""}},"footnotes":""},"class_list":["post-2411","page","type-page","status-publish","hentry"],"yoast_head":"<!-- This site is optimized with the Yoast SEO plugin v27.5 - https:\/\/yoast.com\/product\/yoast-seo-wordpress\/ -->\n<title>kontakt - luminusbiorezonanca.com<\/title>\n<meta name=\"robots\" content=\"index, follow, max-snippet:-1, max-image-preview:large, max-video-preview:-1\" \/>\n<link rel=\"canonical\" href=\"https:\/\/luminusbiorezonanca.com\/index.php\/home\/kontakt\/\" \/>\n<meta property=\"og:locale\" content=\"en_US\" \/>\n<meta property=\"og:type\" content=\"article\" \/>\n<meta property=\"og:title\" content=\"kontakt - luminusbiorezonanca.com\" \/>\n<meta property=\"og:description\" content=\"Kontakt Po\u0161aljite nam upitPlease enable JavaScript in your browser to complete this form.Ime i Prezime *Email *Poruka *Email Po\u0161aljite\" \/>\n<meta property=\"og:url\" content=\"https:\/\/luminusbiorezonanca.com\/index.php\/home\/kontakt\/\" \/>\n<meta property=\"og:site_name\" content=\"luminusbiorezonanca.com\" \/>\n<meta property=\"article:publisher\" content=\"https:\/\/www.facebook.com\/profile.php?id=100088035858102\" \/>\n<meta property=\"article:modified_time\" content=\"2023-10-31T18:19:53+00:00\" \/>\n<meta name=\"twitter:card\" content=\"summary_large_image\" \/>\n<meta name=\"twitter:label1\" content=\"Est. reading time\" \/>\n\t<meta name=\"twitter:data1\" content=\"1 minute\" \/>\n<script type=\"application\/ld+json\" class=\"yoast-schema-graph\">{\"@context\":\"https:\\\/\\\/schema.org\",\"@graph\":[{\"@type\":\"WebPage\",\"@id\":\"https:\\\/\\\/luminusbiorezonanca.com\\\/index.php\\\/home\\\/kontakt\\\/\",\"url\":\"https:\\\/\\\/luminusbiorezonanca.com\\\/index.php\\\/home\\\/kontakt\\\/\",\"name\":\"kontakt - luminusbiorezonanca.com\",\"isPartOf\":{\"@id\":\"https:\\\/\\\/luminusbiorezonanca.com\\\/#website\"},\"datePublished\":\"2023-08-27T16:53:08+00:00\",\"dateModified\":\"2023-10-31T18:19:53+00:00\",\"breadcrumb\":{\"@id\":\"https:\\\/\\\/luminusbiorezonanca.com\\\/index.php\\\/home\\\/kontakt\\\/#breadcrumb\"},\"inLanguage\":\"en-US\",\"potentialAction\":[{\"@type\":\"ReadAction\",\"target\":[\"https:\\\/\\\/luminusbiorezonanca.com\\\/index.php\\\/home\\\/kontakt\\\/\"]}]},{\"@type\":\"BreadcrumbList\",\"@id\":\"https:\\\/\\\/luminusbiorezonanca.com\\\/index.php\\\/home\\\/kontakt\\\/#breadcrumb\",\"itemListElement\":[{\"@type\":\"ListItem\",\"position\":1,\"name\":\"Home\",\"item\":\"https:\\\/\\\/luminusbiorezonanca.com\\\/\"},{\"@type\":\"ListItem\",\"position\":2,\"name\":\"Home\",\"item\":\"https:\\\/\\\/luminusbiorezonanca.com\\\/\"},{\"@type\":\"ListItem\",\"position\":3,\"name\":\"kontakt\"}]},{\"@type\":\"WebSite\",\"@id\":\"https:\\\/\\\/luminusbiorezonanca.com\\\/#website\",\"url\":\"https:\\\/\\\/luminusbiorezonanca.com\\\/\",\"name\":\"luminusbiorezonanca.com\",\"description\":\"\",\"publisher\":{\"@id\":\"https:\\\/\\\/luminusbiorezonanca.com\\\/#organization\"},\"potentialAction\":[{\"@type\":\"SearchAction\",\"target\":{\"@type\":\"EntryPoint\",\"urlTemplate\":\"https:\\\/\\\/luminusbiorezonanca.com\\\/?s={search_term_string}\"},\"query-input\":{\"@type\":\"PropertyValueSpecification\",\"valueRequired\":true,\"valueName\":\"search_term_string\"}}],\"inLanguage\":\"en-US\"},{\"@type\":\"Organization\",\"@id\":\"https:\\\/\\\/luminusbiorezonanca.com\\\/#organization\",\"name\":\"luminusbiorezonanca.com\",\"url\":\"https:\\\/\\\/luminusbiorezonanca.com\\\/\",\"logo\":{\"@type\":\"ImageObject\",\"inLanguage\":\"en-US\",\"@id\":\"https:\\\/\\\/luminusbiorezonanca.com\\\/#\\\/schema\\\/logo\\\/image\\\/\",\"url\":\"https:\\\/\\\/luminusbiorezonanca.com\\\/wp-content\\\/uploads\\\/2023\\\/10\\\/cropped-ezgif.com-crop.png\",\"contentUrl\":\"https:\\\/\\\/luminusbiorezonanca.com\\\/wp-content\\\/uploads\\\/2023\\\/10\\\/cropped-ezgif.com-crop.png\",\"width\":1185,\"height\":395,\"caption\":\"luminusbiorezonanca.com\"},\"image\":{\"@id\":\"https:\\\/\\\/luminusbiorezonanca.com\\\/#\\\/schema\\\/logo\\\/image\\\/\"},\"sameAs\":[\"https:\\\/\\\/www.facebook.com\\\/profile.php?id=100088035858102\",\"https:\\\/\\\/www.instagram.com\\\/luminus_biorezonanca\\\/\"]}]}<\/script>\n<!-- \/ Yoast SEO plugin. -->","yoast_head_json":{"title":"kontakt - luminusbiorezonanca.com","robots":{"index":"index","follow":"follow","max-snippet":"max-snippet:-1","max-image-preview":"max-image-preview:large","max-video-preview":"max-video-preview:-1"},"canonical":"https:\/\/luminusbiorezonanca.com\/index.php\/home\/kontakt\/","og_locale":"en_US","og_type":"article","og_title":"kontakt - luminusbiorezonanca.com","og_description":"Kontakt Po\u0161aljite nam upitPlease enable JavaScript in your browser to complete this form.Ime i Prezime *Email *Poruka *Email Po\u0161aljite","og_url":"https:\/\/luminusbiorezonanca.com\/index.php\/home\/kontakt\/","og_site_name":"luminusbiorezonanca.com","article_publisher":"https:\/\/www.facebook.com\/profile.php?id=100088035858102","article_modified_time":"2023-10-31T18:19:53+00:00","twitter_card":"summary_large_image","twitter_misc":{"Est. reading time":"1 minute"},"schema":{"@context":"https:\/\/schema.org","@graph":[{"@type":"WebPage","@id":"https:\/\/luminusbiorezonanca.com\/index.php\/home\/kontakt\/","url":"https:\/\/luminusbiorezonanca.com\/index.php\/home\/kontakt\/","name":"kontakt - luminusbiorezonanca.com","isPartOf":{"@id":"https:\/\/luminusbiorezonanca.com\/#website"},"datePublished":"2023-08-27T16:53:08+00:00","dateModified":"2023-10-31T18:19:53+00:00","breadcrumb":{"@id":"https:\/\/luminusbiorezonanca.com\/index.php\/home\/kontakt\/#breadcrumb"},"inLanguage":"en-US","potentialAction":[{"@type":"ReadAction","target":["https:\/\/luminusbiorezonanca.com\/index.php\/home\/kontakt\/"]}]},{"@type":"BreadcrumbList","@id":"https:\/\/luminusbiorezonanca.com\/index.php\/home\/kontakt\/#breadcrumb","itemListElement":[{"@type":"ListItem","position":1,"name":"Home","item":"https:\/\/luminusbiorezonanca.com\/"},{"@type":"ListItem","position":2,"name":"Home","item":"https:\/\/luminusbiorezonanca.com\/"},{"@type":"ListItem","position":3,"name":"kontakt"}]},{"@type":"WebSite","@id":"https:\/\/luminusbiorezonanca.com\/#website","url":"https:\/\/luminusbiorezonanca.com\/","name":"luminusbiorezonanca.com","description":"","publisher":{"@id":"https:\/\/luminusbiorezonanca.com\/#organization"},"potentialAction":[{"@type":"SearchAction","target":{"@type":"EntryPoint","urlTemplate":"https:\/\/luminusbiorezonanca.com\/?s={search_term_string}"},"query-input":{"@type":"PropertyValueSpecification","valueRequired":true,"valueName":"search_term_string"}}],"inLanguage":"en-US"},{"@type":"Organization","@id":"https:\/\/luminusbiorezonanca.com\/#organization","name":"luminusbiorezonanca.com","url":"https:\/\/luminusbiorezonanca.com\/","logo":{"@type":"ImageObject","inLanguage":"en-US","@id":"https:\/\/luminusbiorezonanca.com\/#\/schema\/logo\/image\/","url":"https:\/\/luminusbiorezonanca.com\/wp-content\/uploads\/2023\/10\/cropped-ezgif.com-crop.png","contentUrl":"https:\/\/luminusbiorezonanca.com\/wp-content\/uploads\/2023\/10\/cropped-ezgif.com-crop.png","width":1185,"height":395,"caption":"luminusbiorezonanca.com"},"image":{"@id":"https:\/\/luminusbiorezonanca.com\/#\/schema\/logo\/image\/"},"sameAs":["https:\/\/www.facebook.com\/profile.php?id=100088035858102","https:\/\/www.instagram.com\/luminus_biorezonanca\/"]}]}},"uagb_featured_image_src":{"full":false,"thumbnail":false,"medium":false,"medium_large":false,"large":false,"1536x1536":false,"2048x2048":false,"tp-image-grid":false},"uagb_author_info":{"display_name":"mario.ivanjko123@gmail.com","author_link":"https:\/\/luminusbiorezonanca.com\/index.php\/author\/mario-ivanjko123gmail-com\/"},"uagb_comment_info":0,"uagb_excerpt":"Kontakt Po\u0161aljite nam upitPlease enable JavaScript in your browser to complete this form.Ime i Prezime *Email *Poruka *Email Po\u0161aljite","_links":{"self":[{"href":"https:\/\/luminusbiorezonanca.com\/index.php\/wp-json\/wp\/v2\/pages\/2411","targetHints":{"allow":["GET"]}}],"collection":[{"href":"https:\/\/luminusbiorezonanca.com\/index.php\/wp-json\/wp\/v2\/pages"}],"about":[{"href":"https:\/\/luminusbiorezonanca.com\/index.php\/wp-json\/wp\/v2\/types\/page"}],"author":[{"embeddable":true,"href":"https:\/\/luminusbiorezonanca.com\/index.php\/wp-json\/wp\/v2\/users\/1"}],"replies":[{"embeddable":true,"href":"https:\/\/luminusbiorezonanca.com\/index.php\/wp-json\/wp\/v2\/comments?post=2411"}],"version-history":[{"count":35,"href":"https:\/\/luminusbiorezonanca.com\/index.php\/wp-json\/wp\/v2\/pages\/2411\/revisions"}],"predecessor-version":[{"id":4419,"href":"https:\/\/luminusbiorezonanca.com\/index.php\/wp-json\/wp\/v2\/pages\/2411\/revisions\/4419"}],"up":[{"embeddable":true,"href":"https:\/\/luminusbiorezonanca.com\/index.php\/wp-json\/wp\/v2\/pages\/771"}],"wp:attachment":[{"href":"https:\/\/luminusbiorezonanca.com\/index.php\/wp-json\/wp\/v2\/media?parent=2411"}],"curies":[{"name":"wp","href":"https:\/\/api.w.org\/{rel}","templated":true}]}}